{"id":420,"date":"2025-05-13T10:56:30","date_gmt":"2025-05-13T08:56:30","guid":{"rendered":"https:\/\/biwena.io-flow.de\/?page_id=420"},"modified":"2025-05-13T10:58:05","modified_gmt":"2025-05-13T08:58:05","slug":"foerdermoeglichkeiten","status":"publish","type":"page","link":"https:\/\/biwena.de\/index.php\/foerdermoeglichkeiten\/","title":{"rendered":"F\u00f6rderm\u00f6glichkeiten"},"content":{"rendered":"\n<h3 class=\"wp-block-heading\">F\u00f6rderm\u00f6glichkeiten<\/h3>\n\n\n\n<p>F\u00fcr Lehm- und Strohbauseminare gibt es eine Vielzahl von F\u00f6rderm\u00f6glichkeiten, in Abh\u00e4ngigkeit von den jeweiligen Wohnorten (Bundesland) und den Lebensumst\u00e4nden der Antragssteller.<br>Wir haben Ihnen hier einen \u00dcberblick \u00fcber die wichtigsten regionalen und bundesweiten F\u00f6rderm\u00f6glichkeiten zusammengestellt. Da diese Angebote \u00f6fters \u00fcberarbeitet werden, k\u00f6nnen wir hier keine Garantie f\u00fcr eine F\u00f6rderung \u00fcbernehmen.<br>Voraussetzung f\u00fcr eine F\u00f6rderung ist, dass die entsprechenden Richtlinien erf\u00fcllt werden. Hinzu kommt meist auch ein Beratungsgespr\u00e4ch bei der jeweiligen Beh\u00f6rde vor Ort, um den Antragssteller und die Weiterbildung zu pr\u00fcfen.<\/p>\n\n\n\n<p>F\u00fcr Solo-Selbstst\u00e4ndige gibt es eine neue, gro\u00dfartige F\u00f6rderm\u00f6glichkeit des Bundesministeriums f\u00fcr Arbeit und Soziales (BMAS) und des Europ\u00e4ischen Sozialfonds Plus (ESF Plus): KOMPASS<br>Wir haben <a href=\"https:\/\/biwena.de\/wp-content\/uploads\/2025\/05\/KOMPASS.pdf\" data-type=\"link\" data-id=\"https:\/\/biwena.de\/wp-content\/uploads\/2025\/05\/KOMPASS.pdf\">hier<\/a> dazu die wichtigsten Punkte zusammengetragen.<\/p>\n\n\n\n<p>F\u00fcr berufst\u00e4tige Teilnehmer und Teilnehmerinnen k\u00f6nnen die Kosten f\u00fcr die Weiterbildung als Werbungskosten steuerlich geltend gemacht werden. Bitte sprechen sie \u00fcber die jeweiligen Voraussetzungen mit Ihrem Steuerberater oder dem Finanzamt.<br><a href=\"https:\/\/biwena.de\/wp-content\/uploads\/2025\/05\/05-Foerdermoeglichkeiten-Stand-Feb-2023.pdf\" data-type=\"link\" data-id=\"https:\/\/biwena.de\/wp-content\/uploads\/2025\/05\/05-Foerdermoeglichkeiten-Stand-Feb-2023.pdf\">Hier<\/a> gibt es eine umfangreiche Zusammenstellung von F\u00f6rderm\u00f6glichkeiten auf Landes- und Bundesebene zum download (pdf).<br><br>Stand: Februar 2023<\/p>\n\n\n\n<p><\/p>\n","protected":false},"excerpt":{"rendered":"<p>F\u00f6rderm\u00f6glichkeiten F\u00fcr Lehm- und Strohbauseminare gibt es eine Vielzahl von F\u00f6rderm\u00f6glichkeiten, in Abh\u00e4ngigkeit von den jeweiligen Wohnorten (Bundesland) und den Lebensumst\u00e4nden der Antragssteller.Wir haben Ihnen hier einen \u00dcberblick \u00fcber die [&hellip;]<\/p>\n","protected":false},"author":1,"featured_media":0,"parent":0,"menu_order":0,"comment_status":"closed","ping_status":"closed","template":"","meta":{"_EventAllDay":false,"_EventTimezone":"","_EventStartDate":"","_EventEndDate":"","_EventStartDateUTC":"","_EventEndDateUTC":"","_EventShowMap":false,"_EventShowMapLink":false,"_EventURL":"","_EventCost":"","_EventCostDescription":"","_EventCurrencySymbol":"","_EventCurrencyCode":"","_EventCurrencyPosition":"","_EventDateTimeSeparator":"","_EventTimeRangeSeparator":"","_EventOrganizerID":[],"_EventVenueID":[],"_OrganizerEmail":"","_OrganizerPhone":"","_OrganizerWebsite":"","_VenueAddress":"","_VenueCity":"","_VenueCountry":"","_VenueProvince":"","_VenueState":"","_VenueZip":"","_VenuePhone":"","_VenueURL":"","_VenueStateProvince":"","_VenueLat":"","_VenueLng":"","_VenueShowMap":false,"_VenueShowMapLink":false,"_tribe_blocks_recurrence_rules":"","_tribe_blocks_recurrence_description":"","_tribe_blocks_recurrence_exclusions":"","footnotes":""},"class_list":["post-420","page","type-page","status-publish","hentry"],"_links":{"self":[{"href":"https:\/\/biwena.de\/index.php\/wp-json\/wp\/v2\/pages\/420","targetHints":{"allow":["GET"]}}],"collection":[{"href":"https:\/\/biwena.de\/index.php\/wp-json\/wp\/v2\/pages"}],"about":[{"href":"https:\/\/biwena.de\/index.php\/wp-json\/wp\/v2\/types\/page"}],"author":[{"embeddable":true,"href":"https:\/\/biwena.de\/index.php\/wp-json\/wp\/v2\/users\/1"}],"replies":[{"embeddable":true,"href":"https:\/\/biwena.de\/index.php\/wp-json\/wp\/v2\/comments?post=420"}],"version-history":[{"count":2,"href":"https:\/\/biwena.de\/index.php\/wp-json\/wp\/v2\/pages\/420\/revisions"}],"predecessor-version":[{"id":424,"href":"https:\/\/biwena.de\/index.php\/wp-json\/wp\/v2\/pages\/420\/revisions\/424"}],"wp:attachment":[{"href":"https:\/\/biwena.de\/index.php\/wp-json\/wp\/v2\/media?parent=420"}],"curies":[{"name":"wp","href":"https:\/\/api.w.org\/{rel}","templated":true}]}}