{"id":339,"date":"2025-05-07T12:00:17","date_gmt":"2025-05-07T10:00:17","guid":{"rendered":"https:\/\/biwena.io-flow.de\/?page_id=339"},"modified":"2026-01-19T11:28:26","modified_gmt":"2026-01-19T10:28:26","slug":"europaeisches-projekt-buildstrawpro","status":"publish","type":"page","link":"https:\/\/biwena.de\/index.php\/europaeisches-projekt-buildstrawpro\/","title":{"rendered":"Europ\u00e4isches Projekt BuildStrawPro"},"content":{"rendered":"\n<h3 class=\"wp-block-heading\">Europ\u00e4isches Projekt BuildStrawPro<\/h3>\n\n\n\n<p>Building Careers on Straw \u2013 Recognition of the Professional Qualification<\/p>\n\n\n\n<p>Im Rahmen des Projektes soll die Basis f\u00fcr eine gegenseitige Anerkennung von in verschiedenen europ\u00e4ischen L\u00e4ndern abgelegten Pr\u00fcfungen im Strohbau erarbeitet werden. Das \u201eintellectual outcome\u201c ist ein \u201ememorandum of understanding\u201c zwischen den beteiligten Partnern und \u2013 im Rahmen der Dissemination \u2013 weiteren im Qualifizierungsbereich t\u00e4tigen Organisationen.<\/p>\n\n\n\n<p>Prim\u00e4re Zielgruppe des Projekts sind im Qualifizierungsbereich f\u00fcr nachhaltige Bauweisen t\u00e4tige Organisationen. Zugrunde liegende Qualifizierungsbausteine sind bereits l\u00e4nder\u00fcbergreifend entwickelt und werden in Teilen oder als zusammenh\u00e4ngende \u201eFachkraft Strohballenbau\u201c in verschiedenen L\u00e4ndern als berufliche Weiterbildungen angeboten. \u201eStrohbauer\/in\u201c ist dabei ein Berufsbild in Entstehung, das f\u00fcr Handwerker\/innen verschiedener Gewerke eine Zusatzqualifikation, f\u00fcr Quereinsteiger\/innen aber auch die M\u00f6glichkeit einer Existenzgr\u00fcndung bietet. Das Projekt soll die formelle berufliche Anerkennung von Strohbau weiter vorbereiten.<\/p>\n\n\n\n<figure class=\"wp-block-image size-large is-resized\"><img loading=\"lazy\" decoding=\"async\" width=\"1024\" height=\"292\" src=\"https:\/\/biwena.de\/wp-content\/uploads\/2025\/05\/EU20flag-Erasmus2B_vect_POS-1024x292.jpg\" alt=\"\" class=\"wp-image-355\" style=\"width:239px;height:auto\" srcset=\"https:\/\/biwena.de\/wp-content\/uploads\/2025\/05\/EU20flag-Erasmus2B_vect_POS-1024x292.jpg 1024w, https:\/\/biwena.de\/wp-content\/uploads\/2025\/05\/EU20flag-Erasmus2B_vect_POS-300x86.jpg 300w, https:\/\/biwena.de\/wp-content\/uploads\/2025\/05\/EU20flag-Erasmus2B_vect_POS-768x219.jpg 768w, https:\/\/biwena.de\/wp-content\/uploads\/2025\/05\/EU20flag-Erasmus2B_vect_POS-1536x439.jpg 1536w, https:\/\/biwena.de\/wp-content\/uploads\/2025\/05\/EU20flag-Erasmus2B_vect_POS.jpg 1964w\" sizes=\"auto, (max-width: 1024px) 100vw, 1024px\" \/><\/figure>\n\n\n\n<p><em>Gef\u00f6rdert durch die Europ\u00e4ische Kommission im Rahmen des Programms Erasmus+ (Berufsbildung)<\/em><\/p>\n\n\n\n<p><\/p>\n\n\n\n<p><strong>Partner:<\/strong><\/p>\n\n\n\n<p><a href=\"http:\/\/baubiologie.at\">asbn \u2013 Austrian Strawbale Network<\/a> \u2013 \u00d6sterreich<\/p>\n\n\n\n<p><a href=\"http:\/\/www.ozartur.sk\/\" target=\"_blank\" rel=\"noreferrer noopener\">ArTUR<\/a> \u2013 Slowakei<\/p>\n\n\n\n<p><a href=\"http:\/\/cncp-feuillette.fr\/\" target=\"_blank\" rel=\"noreferrer noopener\">CNCP Feuillette<\/a> \u2013 Frankreich<\/p>\n\n\n\n<p><\/p>\n","protected":false},"excerpt":{"rendered":"<p>Europ\u00e4isches Projekt BuildStrawPro Building Careers on Straw \u2013 Recognition of the Professional Qualification Im Rahmen des Projektes soll die Basis f\u00fcr eine gegenseitige Anerkennung von in verschiedenen europ\u00e4ischen L\u00e4ndern abgelegten [&hellip;]<\/p>\n","protected":false},"author":1,"featured_media":0,"parent":0,"menu_order":0,"comment_status":"closed","ping_status":"closed","template":"","meta":{"_EventAllDay":false,"_EventTimezone":"","_EventStartDate":"","_EventEndDate":"","_EventStartDateUTC":"","_EventEndDateUTC":"","_EventShowMap":false,"_EventShowMapLink":false,"_EventURL":"","_EventCost":"","_EventCostDescription":"","_EventCurrencySymbol":"","_EventCurrencyCode":"","_EventCurrencyPosition":"","_EventDateTimeSeparator":"","_EventTimeRangeSeparator":"","_EventOrganizerID":[],"_EventVenueID":[],"_OrganizerEmail":"","_OrganizerPhone":"","_OrganizerWebsite":"","_VenueAddress":"","_VenueCity":"","_VenueCountry":"","_VenueProvince":"","_VenueState":"","_VenueZip":"","_VenuePhone":"","_VenueURL":"","_VenueStateProvince":"","_VenueLat":"","_VenueLng":"","_VenueShowMap":false,"_VenueShowMapLink":false,"_tribe_blocks_recurrence_rules":"","_tribe_blocks_recurrence_description":"","_tribe_blocks_recurrence_exclusions":"","footnotes":""},"class_list":["post-339","page","type-page","status-publish","hentry"],"_links":{"self":[{"href":"https:\/\/biwena.de\/index.php\/wp-json\/wp\/v2\/pages\/339","targetHints":{"allow":["GET"]}}],"collection":[{"href":"https:\/\/biwena.de\/index.php\/wp-json\/wp\/v2\/pages"}],"about":[{"href":"https:\/\/biwena.de\/index.php\/wp-json\/wp\/v2\/types\/page"}],"author":[{"embeddable":true,"href":"https:\/\/biwena.de\/index.php\/wp-json\/wp\/v2\/users\/1"}],"replies":[{"embeddable":true,"href":"https:\/\/biwena.de\/index.php\/wp-json\/wp\/v2\/comments?post=339"}],"version-history":[{"count":3,"href":"https:\/\/biwena.de\/index.php\/wp-json\/wp\/v2\/pages\/339\/revisions"}],"predecessor-version":[{"id":1233,"href":"https:\/\/biwena.de\/index.php\/wp-json\/wp\/v2\/pages\/339\/revisions\/1233"}],"wp:attachment":[{"href":"https:\/\/biwena.de\/index.php\/wp-json\/wp\/v2\/media?parent=339"}],"curies":[{"name":"wp","href":"https:\/\/api.w.org\/{rel}","templated":true}]}}