{"id":335,"date":"2025-05-07T11:59:06","date_gmt":"2025-05-07T09:59:06","guid":{"rendered":"https:\/\/biwena.io-flow.de\/?page_id=335"},"modified":"2025-05-07T12:08:03","modified_gmt":"2025-05-07T10:08:03","slug":"tedicom","status":"publish","type":"page","link":"https:\/\/biwena.de\/index.php\/tedicom\/","title":{"rendered":"TeDiCom"},"content":{"rendered":"\n<h3 class=\"wp-block-heading\">TeDiCom<\/h3>\n\n\n\n<figure class=\"wp-block-image size-full\"><img loading=\"lazy\" decoding=\"async\" width=\"440\" height=\"289\" src=\"https:\/\/biwena.de\/wp-content\/uploads\/2025\/05\/csm_logo-tedicom-erasmus-project_3c3c56f374-1.png\" alt=\"\" class=\"wp-image-348\" srcset=\"https:\/\/biwena.de\/wp-content\/uploads\/2025\/05\/csm_logo-tedicom-erasmus-project_3c3c56f374-1.png 440w, https:\/\/biwena.de\/wp-content\/uploads\/2025\/05\/csm_logo-tedicom-erasmus-project_3c3c56f374-1-300x197.png 300w\" sizes=\"auto, (max-width: 440px) 100vw, 440px\" \/><\/figure>\n\n\n\n<p><strong>TeDiCom stellt ein europ\u00e4isches Projekt dar, das sich mit der Vermittlung digitaler Kompetenzen befasst. Ziel des Projekts ist ein h\u00f6heres Niveau an digitalen Kompetenzen bei europ\u00e4ischen B\u00fcrger*innen zu erreichen, damit gef\u00e4lschte Nachrichtenkampagnen, Hassreden im Internet und automatisierte Bot-Kampagnen fr\u00fchzeitig erkannt werden und keinen Einfluss auf die Meinungsbildung in der europ\u00e4ischen Gesellschaft haben.<\/strong><\/p>\n\n\n\n<p><em>TeDiCom is a European project dealing with the transfer of digital competences. The aim of the project is to achieve a higher level of digital literacy among European citizens so that fake news campaigns, hate speech on the Internet and automated bot campaigns can be detected early and have no influence on the formation of opinion in European society.<\/em><\/p>\n\n\n\n<p>TeDiCom steht f\u00fcr die Vermittlung digitaler Kompetenzen. In den letzten Jahren ist es mit dem Aufschwung der sozialen Medien immer wichtiger geworden, neue Kompetenzen hinzuzuf\u00fcgen, um auf neue Tendenzen in der Informationsverbreitung zu reagieren. Demokratische Gesellschaften haben sich f\u00fcr besonders anf\u00e4llig gezeigt, wenn es zu Verbreitung falscher Informationen kommt, die den Einfluss antidemokratischer und populistischer M\u00e4chte zu erh\u00f6hen drohen. TeDiCom ist aus diesem Grund bestrebt, die gesellschaftliche Widerstandsf\u00e4higkeit gegen diese neue Bedrohung zu erh\u00f6hen bzw. eine Sensibilisierung daf\u00fcr zu schaffen. Dazu sollen Akteure aus der Erwachsenenbildung bef\u00e4higt werden, ein besseres Verst\u00e4ndnis \u00fcber die digitalen Medien sowie deren Chancen und Risiken zu entwickeln. In einer gemeinsamen Mitteilung hat die Europ\u00e4ische Kommission im Dezember 2018 einen Aktionsplan zur Bek\u00e4mpfung von Desinformationen entwickelt. Die vierte S\u00e4ule dieses Plans erfordert eine Sensibilisierung und eine Verbesserung der gesellschaftlichen Widerstandsf\u00e4higkeit. Diese S\u00e4ule wird durch TeDiCom gest\u00e4rkt.<\/p>\n\n\n\n<p>Das Projektteam besteht aus einer Gruppe von Fachleuten aus der Erwachsenenbildung verschiedenster Lebensbereiche. Gemeinsam sollen L\u00f6sungen gefunden werden, indem bisherige Erfahrungen und Good-Practice-Beispiele in ein Arbeitskonzept umgesetzt werden, das Lehrkr\u00e4fte und andere Fachleute k\u00fcnftig nutzen und mit in ihre Trainingsaktivit\u00e4ten einbeziehen k\u00f6nnen.<\/p>\n\n\n\n<p>Der Projektstart war im Oktober 2019.<\/p>\n\n\n\n<p><strong>Partner:<\/strong><\/p>\n\n\n\n<ul class=\"wp-block-list\">\n<li>KulturLife gGmbH, Germany<\/li>\n\n\n\n<li>Bildungswerkstatt Nachhaltigkeit e.V., Germany<\/li>\n\n\n\n<li>Vilniaus \u201eZidinio\u201c suaugusiuju gimnazija, Lithuania<\/li>\n\n\n\n<li>Kvarnby folkh\u00f6gskolas ekonomiska f\u00f6rening, Sweden&nbsp;<\/li>\n\n\n\n<li>Kansan Sivistysty\u00f6n Liitto KSL ry, Finland&nbsp;<\/li>\n\n\n\n<li>DRUSTVO ZA RAZVIJANJE PROSTOVOLJNEGA DELA NOVO MESTO, Slovenia<\/li>\n<\/ul>\n\n\n\n<p><strong>Projektnummer\/ Project Number:<\/strong> 2019-1-DE02-KA204-006083<\/p>\n\n\n\n<p><strong>Projektlaufzeit\/ Project Duration:<\/strong> 09.2019 \u2013 10.2020<\/p>\n\n\n\n<p><strong>Ansprechpartner: <\/strong>Rasmus Grobe, rg[at]biwena.de<\/p>\n\n\n\n<p><\/p>\n\n\n\n<figure class=\"wp-block-image size-full\"><img loading=\"lazy\" decoding=\"async\" width=\"300\" height=\"71\" src=\"https:\/\/biwena.de\/wp-content\/uploads\/2025\/05\/csm_kofinanziert-erasmus-plus-logo_cd8965909f.jpg\" alt=\"\" class=\"wp-image-350\"\/><\/figure>\n\n\n\n<p><em>The European Commission support for the production of this publication does not constitute an endorsement of the contents which reflects the views only of the authors, and the Commission cannot be held responsible for any use which may be made of the information contained therein.<\/em><\/p>\n","protected":false},"excerpt":{"rendered":"<p>TeDiCom TeDiCom stellt ein europ\u00e4isches Projekt dar, das sich mit der Vermittlung digitaler Kompetenzen befasst. Ziel des Projekts ist ein h\u00f6heres Niveau an digitalen Kompetenzen bei europ\u00e4ischen B\u00fcrger*innen zu erreichen, [&hellip;]<\/p>\n","protected":false},"author":1,"featured_media":0,"parent":0,"menu_order":0,"comment_status":"closed","ping_status":"closed","template":"","meta":{"_EventAllDay":false,"_EventTimezone":"","_EventStartDate":"","_EventEndDate":"","_EventStartDateUTC":"","_EventEndDateUTC":"","_EventShowMap":false,"_EventShowMapLink":false,"_EventURL":"","_EventCost":"","_EventCostDescription":"","_EventCurrencySymbol":"","_EventCurrencyCode":"","_EventCurrencyPosition":"","_EventDateTimeSeparator":"","_EventTimeRangeSeparator":"","_EventOrganizerID":[],"_EventVenueID":[],"_OrganizerEmail":"","_OrganizerPhone":"","_OrganizerWebsite":"","_VenueAddress":"","_VenueCity":"","_VenueCountry":"","_VenueProvince":"","_VenueState":"","_VenueZip":"","_VenuePhone":"","_VenueURL":"","_VenueStateProvince":"","_VenueLat":"","_VenueLng":"","_VenueShowMap":false,"_VenueShowMapLink":false,"_tribe_blocks_recurrence_rules":"","_tribe_blocks_recurrence_description":"","_tribe_blocks_recurrence_exclusions":"","footnotes":""},"class_list":["post-335","page","type-page","status-publish","hentry"],"_links":{"self":[{"href":"https:\/\/biwena.de\/index.php\/wp-json\/wp\/v2\/pages\/335","targetHints":{"allow":["GET"]}}],"collection":[{"href":"https:\/\/biwena.de\/index.php\/wp-json\/wp\/v2\/pages"}],"about":[{"href":"https:\/\/biwena.de\/index.php\/wp-json\/wp\/v2\/types\/page"}],"author":[{"embeddable":true,"href":"https:\/\/biwena.de\/index.php\/wp-json\/wp\/v2\/users\/1"}],"replies":[{"embeddable":true,"href":"https:\/\/biwena.de\/index.php\/wp-json\/wp\/v2\/comments?post=335"}],"version-history":[{"count":3,"href":"https:\/\/biwena.de\/index.php\/wp-json\/wp\/v2\/pages\/335\/revisions"}],"predecessor-version":[{"id":351,"href":"https:\/\/biwena.de\/index.php\/wp-json\/wp\/v2\/pages\/335\/revisions\/351"}],"wp:attachment":[{"href":"https:\/\/biwena.de\/index.php\/wp-json\/wp\/v2\/media?parent=335"}],"curies":[{"name":"wp","href":"https:\/\/api.w.org\/{rel}","templated":true}]}}