{"id":332,"date":"2025-05-07T11:58:25","date_gmt":"2025-05-07T09:58:25","guid":{"rendered":"https:\/\/biwena.io-flow.de\/?page_id=332"},"modified":"2026-01-19T11:32:14","modified_gmt":"2026-01-19T10:32:14","slug":"ziel-13","status":"publish","type":"page","link":"https:\/\/biwena.de\/index.php\/ziel-13\/","title":{"rendered":"Ziel 13"},"content":{"rendered":"\n<h3 class=\"wp-block-heading\">Ziel 13<\/h3>\n\n\n\n<p>Weiterbildungen f\u00fcrs Baugewerbe<\/p>\n\n\n\n<figure class=\"wp-block-image size-full\"><a href=\"https:\/\/ziel13.nznb.de\/\"><img loading=\"lazy\" decoding=\"async\" width=\"300\" height=\"292\" src=\"https:\/\/biwena.de\/wp-content\/uploads\/2025\/05\/cropped-ziel13_logo_14_01_19_konsens_150dpi-2-300x292-1.png\" alt=\"\" class=\"wp-image-342\"\/><\/a><\/figure>\n\n\n\n<p>Projekt abgeschlossen am <strong>31.12.2022<\/strong><\/p>\n\n\n\n<p><a href=\"https:\/\/ziel13.nznb.de\/material\/\">Zum Downloadbereich gehen.<\/a><\/p>\n\n\n\n<p>Ziel 13\u2013 Ma\u00dfnahmen zum Klimaschutz \u2013 ist eines von 17 nachhaltigen Entwicklungszielen der Vereinten Nationen. Wir entwickeln partizipativ 18 Module zum Bauen als Klimaschutz: von Lehmbau bis Recyclingbeton, neue Siedlungskonzepte; wie wollen wir leben, arbeiten und bauen?<\/p>\n\n\n\n<p>Projektkoordination: Norddeutsches Zentrum f\u00fcr Nachhaltiges Bauen<\/p>\n\n\n\n<p>Das Projekt Ziel 13 wird im Rahmen des ESF-Bundesprogramms \u201eBerufsbildung f\u00fcr nachhaltige Entwicklung bef\u00f6rdern. \u00dcber gr\u00fcne Schl\u00fcsselkompetenzen zu klima- und ressourcenschonendem Handeln im Beruf \u2013 BBNE\u201d durch das Bundesministerium f\u00fcr Umwelt, Naturschutz, Bau und Reaktorsicherheit und den Europ\u00e4ischen Sozialfonds gef\u00f6rdert.<\/p>\n\n\n\n<p><\/p>\n\n\n\n<figure class=\"wp-block-image size-full\"><img loading=\"lazy\" decoding=\"async\" width=\"283\" height=\"130\" src=\"https:\/\/biwena.de\/wp-content\/uploads\/2025\/05\/bbne_claim-1.png\" alt=\"\" class=\"wp-image-343\"\/><\/figure>\n\n\n\n<p>Gef\u00f6rdert durch:<\/p>\n\n\n\n<figure class=\"wp-block-image size-full\"><img loading=\"lazy\" decoding=\"async\" width=\"300\" height=\"127\" src=\"https:\/\/biwena.de\/wp-content\/uploads\/2025\/05\/bmub_esf_logountereinander_90dpi-e1547637132839-300x127-1.png\" alt=\"\" class=\"wp-image-344\"\/><\/figure>\n\n\n\n<p>Projektpartner*innen:<\/p>\n\n\n\n<figure class=\"wp-block-image size-full\"><a href=\"http:\/\/nznb.de\"><img loading=\"lazy\" decoding=\"async\" width=\"300\" height=\"104\" src=\"https:\/\/biwena.de\/wp-content\/uploads\/2025\/05\/nznblogo_transparent_mb_300dpi-300x104-1.png\" alt=\"\" class=\"wp-image-345\"\/><\/a><\/figure>\n","protected":false},"excerpt":{"rendered":"<p>Ziel 13 Weiterbildungen f\u00fcrs Baugewerbe Projekt abgeschlossen am 31.12.2022 Zum Downloadbereich gehen. Ziel 13\u2013 Ma\u00dfnahmen zum Klimaschutz \u2013 ist eines von 17 nachhaltigen Entwicklungszielen der Vereinten Nationen. Wir entwickeln partizipativ [&hellip;]<\/p>\n","protected":false},"author":1,"featured_media":0,"parent":0,"menu_order":0,"comment_status":"closed","ping_status":"closed","template":"","meta":{"_EventAllDay":false,"_EventTimezone":"","_EventStartDate":"","_EventEndDate":"","_EventStartDateUTC":"","_EventEndDateUTC":"","_EventShowMap":false,"_EventShowMapLink":false,"_EventURL":"","_EventCost":"","_EventCostDescription":"","_EventCurrencySymbol":"","_EventCurrencyCode":"","_EventCurrencyPosition":"","_EventDateTimeSeparator":"","_EventTimeRangeSeparator":"","_EventOrganizerID":[],"_EventVenueID":[],"_OrganizerEmail":"","_OrganizerPhone":"","_OrganizerWebsite":"","_VenueAddress":"","_VenueCity":"","_VenueCountry":"","_VenueProvince":"","_VenueState":"","_VenueZip":"","_VenuePhone":"","_VenueURL":"","_VenueStateProvince":"","_VenueLat":"","_VenueLng":"","_VenueShowMap":false,"_VenueShowMapLink":false,"_tribe_blocks_recurrence_rules":"","_tribe_blocks_recurrence_description":"","_tribe_blocks_recurrence_exclusions":"","footnotes":""},"class_list":["post-332","page","type-page","status-publish","hentry"],"_links":{"self":[{"href":"https:\/\/biwena.de\/index.php\/wp-json\/wp\/v2\/pages\/332","targetHints":{"allow":["GET"]}}],"collection":[{"href":"https:\/\/biwena.de\/index.php\/wp-json\/wp\/v2\/pages"}],"about":[{"href":"https:\/\/biwena.de\/index.php\/wp-json\/wp\/v2\/types\/page"}],"author":[{"embeddable":true,"href":"https:\/\/biwena.de\/index.php\/wp-json\/wp\/v2\/users\/1"}],"replies":[{"embeddable":true,"href":"https:\/\/biwena.de\/index.php\/wp-json\/wp\/v2\/comments?post=332"}],"version-history":[{"count":6,"href":"https:\/\/biwena.de\/index.php\/wp-json\/wp\/v2\/pages\/332\/revisions"}],"predecessor-version":[{"id":1235,"href":"https:\/\/biwena.de\/index.php\/wp-json\/wp\/v2\/pages\/332\/revisions\/1235"}],"wp:attachment":[{"href":"https:\/\/biwena.de\/index.php\/wp-json\/wp\/v2\/media?parent=332"}],"curies":[{"name":"wp","href":"https:\/\/api.w.org\/{rel}","templated":true}]}}