{"id":150,"date":"2025-04-22T11:40:27","date_gmt":"2025-04-22T09:40:27","guid":{"rendered":"https:\/\/biwena.io-flow.de\/?page_id=150"},"modified":"2026-03-09T16:07:45","modified_gmt":"2026-03-09T15:07:45","slug":"bauklima-kommunal","status":"publish","type":"page","link":"https:\/\/biwena.de\/index.php\/bauklima-kommunal\/","title":{"rendered":"BauKlima-Kommunal"},"content":{"rendered":"\n<figure class=\"wp-block-image aligncenter size-full is-resized\"><img loading=\"lazy\" decoding=\"async\" width=\"693\" height=\"622\" src=\"https:\/\/biwena.de\/wp-content\/uploads\/2025\/06\/logo-BauKlima_01_FINAL.jpg\" alt=\"\" class=\"wp-image-588\" style=\"width:261px;height:auto\" srcset=\"https:\/\/biwena.de\/wp-content\/uploads\/2025\/06\/logo-BauKlima_01_FINAL.jpg 693w, https:\/\/biwena.de\/wp-content\/uploads\/2025\/06\/logo-BauKlima_01_FINAL-300x269.jpg 300w\" sizes=\"auto, (max-width: 693px) 100vw, 693px\" \/><\/figure>\n\n\n\n<div class=\"wp-block-columns is-layout-flex wp-container-core-columns-is-layout-28f84493 wp-block-columns-is-layout-flex\">\n<div class=\"wp-block-column is-layout-flow wp-block-column-is-layout-flow\" style=\"flex-basis:100%\">\n<div class=\"wp-block-cover\"><img loading=\"lazy\" decoding=\"async\" width=\"1024\" height=\"574\" class=\"wp-block-cover__image-background wp-image-1348 size-large\" alt=\"\" src=\"https:\/\/biwena.de\/wp-content\/uploads\/2026\/02\/IMG_20251119_113510-1024x574.jpg\" data-object-fit=\"cover\" srcset=\"https:\/\/biwena.de\/wp-content\/uploads\/2026\/02\/IMG_20251119_113510-1024x574.jpg 1024w, https:\/\/biwena.de\/wp-content\/uploads\/2026\/02\/IMG_20251119_113510-300x168.jpg 300w, https:\/\/biwena.de\/wp-content\/uploads\/2026\/02\/IMG_20251119_113510-768x431.jpg 768w, https:\/\/biwena.de\/wp-content\/uploads\/2026\/02\/IMG_20251119_113510.jpg 1380w\" sizes=\"auto, (max-width: 1024px) 100vw, 1024px\" \/><span aria-hidden=\"true\" class=\"wp-block-cover__background has-background-dim\" style=\"background-color:#8b7a6d\"><\/span><div class=\"wp-block-cover__inner-container has-global-padding is-layout-constrained wp-block-cover-is-layout-constrained\">\n<p class=\"has-text-align-center has-large-font-size\"><a href=\"https:\/\/biwena.de\/index.php\/bauklima-kommunal-vortraege-und-material\/\" data-type=\"page\" data-id=\"1434\"><mark style=\"background-color:#fddcc8;color:#111111\" class=\"has-inline-color\">BauKlima-Kommunal Vortr\u00e4ge und Material<\/mark><\/a><\/p>\n<\/div><\/div>\n<\/div>\n<\/div>\n\n\n\n<p><em>NKI Projekt: Kommunalen Klimaschutz durch nachhaltiges Bauen und Sanieren st\u00e4rken: BauKlima \u2013 Kommunal<\/em><\/p>\n\n\n\n<p>Nachhaltiges Bauen und Sanieren ist ein wesentlicher Baustein auf dem Weg zur Klimaneutralit\u00e4t. Mit dem Projekt BauKlima-Kommunal werden ausgew\u00e4hlte Kommunen bei der Planung- und Umsetzung von konkreten Bau- und Sanierungsprojekten unterst\u00fctzt, wodurch die ben\u00f6tigten Entscheidungshilfen f\u00fcr weitere Kommunen geschaffen werden. Somit fungiert das Projekt als Treiber f\u00fcr die Planung und Umsetzung von nachhaltigen Bau- und Sanierungsprojekten auf kommunaler Ebene.<\/p>\n\n\n\n<p>In bundesweiten Veranstaltungen werden kommunale Akteur*innen und Multiplikator*innen mobilisiert, vernetzt, sowie durch gezielte \u00d6ffentlichkeitsarbeit zum Thema nachhaltiges Bauen und Sanieren sensibilisiert.<\/p>\n\n\n\n<p>Die Bildungswerkstatt entwickelt und realisiert in diesem Rahmen bundesweit Weiterbildungsangebote, um Handlungsf\u00e4higkeit vor Ort zu st\u00e4rken.<\/p>\n\n\n\n<p><strong>Laufzeit<\/strong><br>01.04.2023-31.03.2026<\/p>\n\n\n\n<p><strong>Projektf\u00f6rderung<\/strong><br>Nationale Klimaschutzinitiative (NKI)<br>des Bundesministerium f\u00fcr Umwelt, Klimaschutz, Naturschutz und nukleare Sicherheit (BMUKN)<br>F\u00f6rderkennzeichen: 67KF0181B<\/p>\n\n\n\n<p><a href=\"https:\/\/www.klimaschutz.de\/de\/projekte\/bauklima-kommunal\">https:\/\/www.klimaschutz.de\/de\/projekte\/bauklima-kommunal<\/a><\/p>\n\n\n\n<p><strong>Projektbeteiligte<\/strong><br>Deutsche Umwelthilfe e.V.,<br>Technische Universit\u00e4t M\u00fcnchen, Lehrstuhl f\u00fcr energieeffizientes und nachhaltiges Planen und Bauen, BiWeNa e.V.<\/p>\n\n\n\n<p><strong>Projektwebsite<\/strong>:<\/p>\n\n\n\n<div class=\"wp-block-group is-nowrap is-layout-flex wp-container-core-group-is-layout-6c531013 wp-block-group-is-layout-flex\">\n<p><a href=\"https:\/\/www.duh.de\/themen\/energie-klima\/klimaschutz-in-gebaeuden\/nachhaltiges-bauen\/bauklima-kommunal\">https:\/\/www.duh.de\/themen\/energie-klima\/klimaschutz-in-gebaeuden\/nachhaltiges-bauen\/bauklima-kommunal<\/a><\/p>\n<\/div>\n\n\n\n<p><strong>Kontakt:<\/strong><br>Dorothee Mix<br><a href=\"mailto:mix@biwena.de\">mix@biwena.de<\/a><\/p>\n\n\n\n<p>Michael Burchert<br><a href=\"mailto:burchert@biwena.de\">burchert@biwena.de<\/a><\/p>\n\n\n\n<figure class=\"wp-block-image size-full is-resized\"><img loading=\"lazy\" decoding=\"async\" width=\"533\" height=\"1000\" src=\"https:\/\/biwena.de\/wp-content\/uploads\/2026\/01\/Logo-Teppich_BauKlima_2026_hoch_.png\" alt=\"\" class=\"wp-image-1281\" style=\"width:620px;height:auto\" srcset=\"https:\/\/biwena.de\/wp-content\/uploads\/2026\/01\/Logo-Teppich_BauKlima_2026_hoch_.png 533w, https:\/\/biwena.de\/wp-content\/uploads\/2026\/01\/Logo-Teppich_BauKlima_2026_hoch_-160x300.png 160w\" sizes=\"auto, (max-width: 533px) 100vw, 533px\" \/><\/figure>\n\n\n\n<p><\/p>\n","protected":false},"excerpt":{"rendered":"<p>NKI Projekt: Kommunalen Klimaschutz durch nachhaltiges Bauen und Sanieren st\u00e4rken: BauKlima \u2013 Kommunal Nachhaltiges Bauen und Sanieren ist ein wesentlicher Baustein auf dem Weg zur Klimaneutralit\u00e4t. Mit dem Projekt BauKlima-Kommunal [&hellip;]<\/p>\n","protected":false},"author":1,"featured_media":0,"parent":0,"menu_order":0,"comment_status":"closed","ping_status":"closed","template":"","meta":{"_EventAllDay":false,"_EventTimezone":"","_EventStartDate":"","_EventEndDate":"","_EventStartDateUTC":"","_EventEndDateUTC":"","_EventShowMap":false,"_EventShowMapLink":false,"_EventURL":"","_EventCost":"","_EventCostDescription":"","_EventCurrencySymbol":"","_EventCurrencyCode":"","_EventCurrencyPosition":"","_EventDateTimeSeparator":"","_EventTimeRangeSeparator":"","_EventOrganizerID":[],"_EventVenueID":[],"_OrganizerEmail":"","_OrganizerPhone":"","_OrganizerWebsite":"","_VenueAddress":"","_VenueCity":"","_VenueCountry":"","_VenueProvince":"","_VenueState":"","_VenueZip":"","_VenuePhone":"","_VenueURL":"","_VenueStateProvince":"","_VenueLat":"","_VenueLng":"","_VenueShowMap":false,"_VenueShowMapLink":false,"_tribe_blocks_recurrence_rules":"","_tribe_blocks_recurrence_description":"","_tribe_blocks_recurrence_exclusions":"","footnotes":""},"class_list":["post-150","page","type-page","status-publish","hentry"],"_links":{"self":[{"href":"https:\/\/biwena.de\/index.php\/wp-json\/wp\/v2\/pages\/150","targetHints":{"allow":["GET"]}}],"collection":[{"href":"https:\/\/biwena.de\/index.php\/wp-json\/wp\/v2\/pages"}],"about":[{"href":"https:\/\/biwena.de\/index.php\/wp-json\/wp\/v2\/types\/page"}],"author":[{"embeddable":true,"href":"https:\/\/biwena.de\/index.php\/wp-json\/wp\/v2\/users\/1"}],"replies":[{"embeddable":true,"href":"https:\/\/biwena.de\/index.php\/wp-json\/wp\/v2\/comments?post=150"}],"version-history":[{"count":31,"href":"https:\/\/biwena.de\/index.php\/wp-json\/wp\/v2\/pages\/150\/revisions"}],"predecessor-version":[{"id":1464,"href":"https:\/\/biwena.de\/index.php\/wp-json\/wp\/v2\/pages\/150\/revisions\/1464"}],"wp:attachment":[{"href":"https:\/\/biwena.de\/index.php\/wp-json\/wp\/v2\/media?parent=150"}],"curies":[{"name":"wp","href":"https:\/\/api.w.org\/{rel}","templated":true}]}}