{"id":1472,"date":"2026-03-15T10:00:02","date_gmt":"2026-03-15T09:00:02","guid":{"rendered":"https:\/\/biwena.de\/?page_id=1472"},"modified":"2026-03-31T09:56:18","modified_gmt":"2026-03-31T07:56:18","slug":"bauwandel","status":"publish","type":"page","link":"https:\/\/biwena.de\/index.php\/bauwandel\/","title":{"rendered":"Bauwandel"},"content":{"rendered":"\n<div class=\"wp-block-columns is-layout-flex wp-container-core-columns-is-layout-28f84493 wp-block-columns-is-layout-flex\">\n<div class=\"wp-block-column is-vertically-aligned-center is-layout-flow wp-block-column-is-layout-flow\" style=\"flex-basis:50%\">\n<figure class=\"wp-block-image alignleft size-full is-resized\"><img loading=\"lazy\" decoding=\"async\" width=\"842\" height=\"459\" src=\"https:\/\/biwena.de\/wp-content\/uploads\/2026\/03\/bauwandel_logo.png\" alt=\"Bauwandel Logo\" class=\"wp-image-1584\" style=\"width:108px;height:auto\" srcset=\"https:\/\/biwena.de\/wp-content\/uploads\/2026\/03\/bauwandel_logo.png 842w, https:\/\/biwena.de\/wp-content\/uploads\/2026\/03\/bauwandel_logo-300x164.png 300w, https:\/\/biwena.de\/wp-content\/uploads\/2026\/03\/bauwandel_logo-768x419.png 768w\" sizes=\"auto, (max-width: 842px) 100vw, 842px\" \/><\/figure>\n<\/div>\n\n\n\n<div class=\"wp-block-column is-vertically-aligned-center is-layout-flow wp-block-column-is-layout-flow\" style=\"flex-basis:50%\">\n<figure class=\"wp-block-image alignright size-full\"><a href=\"https:\/\/www.bibb.de\/de\/161509.php\"><img loading=\"lazy\" decoding=\"async\" width=\"204\" height=\"110\" src=\"https:\/\/biwena.de\/wp-content\/uploads\/2026\/03\/image.png\" alt=\"\" class=\"wp-image-1473\"\/><\/a><\/figure>\n<\/div>\n<\/div>\n\n\n\n<p>Im Nachhaltig im Beruf \u2013 zukunftsorientiert ausbilden (NIB) Projekt &#8222;Bauwandel&#8220; haben wir uns zum Ziel gesetzt Nachhaltigkeit systematisch in betrieblichen Organisationsstrukturen zu integrieren. Dies soll Organisationen wie das <a href=\"https:\/\/www.bauabc.de\/\">BAU ABC<\/a> in Zusammenarbeit mit BIWENA bef\u00e4higen, sich strategisch auf den Nachhaltigkeitspfad auszurichten. Das BAU ABC nimmt als bundesweit gr\u00f6\u00dfte \u00fcberbetriebliche Ausbildungsst\u00e4tte in der Bauwirtschaft eine strategisch wichtige Rolle ein. Durch die zwei Standorte Rostrup und Mellendorf wirkt &#8222;Bauwandel&#8220; auf Betriebe hin zur Dekarbonisierung der Baubranche in dem innovative Produkte und gute Praxis erkannt und Akzeptanz beschleunigt wird.<\/p>\n\n\n\n<figure class=\"wp-block-image aligncenter size-full\"><img loading=\"lazy\" decoding=\"async\" width=\"391\" height=\"869\" src=\"https:\/\/biwena.de\/wp-content\/uploads\/2026\/03\/image-2.png\" alt=\"\" class=\"wp-image-1475\" srcset=\"https:\/\/biwena.de\/wp-content\/uploads\/2026\/03\/image-2.png 391w, https:\/\/biwena.de\/wp-content\/uploads\/2026\/03\/image-2-135x300.png 135w\" sizes=\"auto, (max-width: 391px) 100vw, 391px\" \/><figcaption class=\"wp-element-caption\">Brunnenbau-Halle am BAU ABC<\/figcaption><\/figure>\n\n\n\n<hr class=\"wp-block-separator has-alpha-channel-opacity\"\/>\n\n\n\n<p>Das Projekt &#8222;<em>Bauwandel &#8211; Strukturelle Verschr\u00e4nkung partizipativer Nachhaltigkeitskonzepte in \u00fcberbetrieblicher Ausbildung mit Betrieben des Bauhauptgewerbes<\/em>&#8220; wird gef\u00f6rdert im F\u00f6rderprogramm \u201e<a href=\"https:\/\/www.bibb.de\/de\/161509.php\">Nachhaltig im Beruf \u2013 zukunftsorientiert ausbilden (NIB)<\/a>\u201c , einer zentralen Initiative des <a href=\"https:\/\/www.bmbfsfj.bund.de\/\">Bundesministeriums f\u00fcr Bildung und Forschung (BMBF)<\/a> in Zusammenarbeit mit dem <a href=\"https:\/\/www.esf.de\/portal\/DE\/ESF-Plus-2021-2027\/Foerderprogramme\/bmbfsfj\/nachhaltig_im_beruf.html\" data-type=\"link\" data-id=\"https:\/\/www.esf.de\/portal\/DE\/ESF-Plus-2021-2027\/Foerderprogramme\/bmbfsfj\/nachhaltig_im_beruf.html\">ESF Plus<\/a>.<\/p>\n\n\n\n<figure class=\"wp-block-image size-large\"><img loading=\"lazy\" decoding=\"async\" width=\"1024\" height=\"560\" src=\"https:\/\/biwena.de\/wp-content\/uploads\/2026\/03\/image-1-1024x560.png\" alt=\"\" class=\"wp-image-1474\" srcset=\"https:\/\/biwena.de\/wp-content\/uploads\/2026\/03\/image-1-1024x560.png 1024w, https:\/\/biwena.de\/wp-content\/uploads\/2026\/03\/image-1-300x164.png 300w, https:\/\/biwena.de\/wp-content\/uploads\/2026\/03\/image-1-768x420.png 768w, https:\/\/biwena.de\/wp-content\/uploads\/2026\/03\/image-1.png 1180w\" sizes=\"auto, (max-width: 1024px) 100vw, 1024px\" \/><\/figure>\n","protected":false},"excerpt":{"rendered":"<p>Im Nachhaltig im Beruf \u2013 zukunftsorientiert ausbilden (NIB) Projekt &#8222;Bauwandel&#8220; haben wir uns zum Ziel gesetzt Nachhaltigkeit systematisch in betrieblichen Organisationsstrukturen zu integrieren. Dies soll Organisationen wie das BAU ABC [&hellip;]<\/p>\n","protected":false},"author":3,"featured_media":1584,"parent":0,"menu_order":0,"comment_status":"closed","ping_status":"closed","template":"","meta":{"_EventAllDay":false,"_EventTimezone":"","_EventStartDate":"","_EventEndDate":"","_EventStartDateUTC":"","_EventEndDateUTC":"","_EventShowMap":false,"_EventShowMapLink":false,"_EventURL":"","_EventCost":"","_EventCostDescription":"","_EventCurrencySymbol":"","_EventCurrencyCode":"","_EventCurrencyPosition":"","_EventDateTimeSeparator":"","_EventTimeRangeSeparator":"","_EventOrganizerID":[],"_EventVenueID":[],"_OrganizerEmail":"","_OrganizerPhone":"","_OrganizerWebsite":"","_VenueAddress":"","_VenueCity":"","_VenueCountry":"","_VenueProvince":"","_VenueState":"","_VenueZip":"","_VenuePhone":"","_VenueURL":"","_VenueStateProvince":"","_VenueLat":"","_VenueLng":"","_VenueShowMap":false,"_VenueShowMapLink":false,"_tribe_blocks_recurrence_rules":"","_tribe_blocks_recurrence_description":"","_tribe_blocks_recurrence_exclusions":"","footnotes":""},"class_list":["post-1472","page","type-page","status-publish","has-post-thumbnail","hentry"],"_links":{"self":[{"href":"https:\/\/biwena.de\/index.php\/wp-json\/wp\/v2\/pages\/1472","targetHints":{"allow":["GET"]}}],"collection":[{"href":"https:\/\/biwena.de\/index.php\/wp-json\/wp\/v2\/pages"}],"about":[{"href":"https:\/\/biwena.de\/index.php\/wp-json\/wp\/v2\/types\/page"}],"author":[{"embeddable":true,"href":"https:\/\/biwena.de\/index.php\/wp-json\/wp\/v2\/users\/3"}],"replies":[{"embeddable":true,"href":"https:\/\/biwena.de\/index.php\/wp-json\/wp\/v2\/comments?post=1472"}],"version-history":[{"count":6,"href":"https:\/\/biwena.de\/index.php\/wp-json\/wp\/v2\/pages\/1472\/revisions"}],"predecessor-version":[{"id":1605,"href":"https:\/\/biwena.de\/index.php\/wp-json\/wp\/v2\/pages\/1472\/revisions\/1605"}],"wp:featuredmedia":[{"embeddable":true,"href":"https:\/\/biwena.de\/index.php\/wp-json\/wp\/v2\/media\/1584"}],"wp:attachment":[{"href":"https:\/\/biwena.de\/index.php\/wp-json\/wp\/v2\/media?parent=1472"}],"curies":[{"name":"wp","href":"https:\/\/api.w.org\/{rel}","templated":true}]}}