{"id":1420,"date":"2026-02-27T11:24:51","date_gmt":"2026-02-27T10:24:51","guid":{"rendered":"https:\/\/biwena.de\/?page_id=1420"},"modified":"2026-02-27T12:09:56","modified_gmt":"2026-02-27T11:09:56","slug":"praesentationen-fuer-kommunale-akteurinnen","status":"publish","type":"page","link":"https:\/\/biwena.de\/index.php\/praesentationen-fuer-kommunale-akteurinnen\/","title":{"rendered":"Nachlese"},"content":{"rendered":"\n<div class=\"wp-block-media-text is-stacked-on-mobile\"><figure class=\"wp-block-media-text__media\"><img loading=\"lazy\" decoding=\"async\" width=\"311\" height=\"295\" src=\"https:\/\/biwena.de\/wp-content\/uploads\/2025\/08\/bauklima_logo.png\" alt=\"Bauklima kommunal\" class=\"wp-image-762 size-full\" srcset=\"https:\/\/biwena.de\/wp-content\/uploads\/2025\/08\/bauklima_logo.png 311w, https:\/\/biwena.de\/wp-content\/uploads\/2025\/08\/bauklima_logo-300x285.png 300w\" sizes=\"auto, (max-width: 311px) 100vw, 311px\" \/><\/figure><div class=\"wp-block-media-text__content\">\n<p>Pr\u00e4sentationen und Vortr\u00e4ge f\u00fcr kommunale Akteur*innen<\/p>\n<\/div><\/div>\n\n\n\n<div data-wp-interactive=\"core\/file\" class=\"wp-block-file\"><object data-wp-bind--hidden=\"!state.hasPdfPreview\" hidden class=\"wp-block-file__embed\" data=\"https:\/\/biwena.de\/wp-content\/uploads\/2026\/01\/Eine-Bauwende-einleiten.pdf\" type=\"application\/pdf\" style=\"width:100%;height:600px\" aria-label=\"Einbettung von Eine Bauwende einleiten.\"><\/object><a id=\"wp-block-file--media-fa75d16a-dd72-491f-ae5f-d441b1c0f61a\" href=\"https:\/\/biwena.de\/wp-content\/uploads\/2026\/01\/Eine-Bauwende-einleiten.pdf\">Eine Bauwende einleiten<\/a><a href=\"https:\/\/biwena.de\/wp-content\/uploads\/2026\/01\/Eine-Bauwende-einleiten.pdf\" class=\"wp-block-file__button wp-element-button\" download aria-describedby=\"wp-block-file--media-fa75d16a-dd72-491f-ae5f-d441b1c0f61a\">Herunterladen<\/a><\/div>\n\n\n\n<div data-wp-interactive=\"core\/file\" class=\"wp-block-file\"><object data-wp-bind--hidden=\"!state.hasPdfPreview\" hidden class=\"wp-block-file__embed\" data=\"https:\/\/biwena.de\/wp-content\/uploads\/2026\/01\/Wie-gelingt-die-nachhaltige-kommunale-Beschaffung.pdf\" type=\"application\/pdf\" style=\"width:100%;height:600px\" aria-label=\"Einbettung von Wie gelingt die nachhaltige kommunale Beschaffung.\"><\/object><a id=\"wp-block-file--media-bfabc8b9-c64d-410f-a644-eb17f7702fa2\" href=\"https:\/\/biwena.de\/wp-content\/uploads\/2026\/01\/Wie-gelingt-die-nachhaltige-kommunale-Beschaffung.pdf\">Wie gelingt die nachhaltige kommunale Beschaffung<\/a><a href=\"https:\/\/biwena.de\/wp-content\/uploads\/2026\/01\/Wie-gelingt-die-nachhaltige-kommunale-Beschaffung.pdf\" class=\"wp-block-file__button wp-element-button\" download aria-describedby=\"wp-block-file--media-bfabc8b9-c64d-410f-a644-eb17f7702fa2\">Herunterladen<\/a><\/div>\n\n\n\n<div data-wp-interactive=\"core\/file\" class=\"wp-block-file\"><object data-wp-bind--hidden=\"!state.hasPdfPreview\" hidden class=\"wp-block-file__embed\" data=\"https:\/\/biwena.de\/wp-content\/uploads\/2026\/02\/Praesentation-BAUGESTALT-sanieren-mit-stroh_min.pdf\" type=\"application\/pdf\" style=\"width:100%;height:600px\" aria-label=\"Einbettung von Dennis Harms, BAUGESTALT - Sanieren mit Stroh.\"><\/object><a id=\"wp-block-file--media-cedf6fba-0e90-4dd5-88a9-e3628c1510cc\" href=\"https:\/\/biwena.de\/wp-content\/uploads\/2026\/02\/Praesentation-BAUGESTALT-sanieren-mit-stroh_min.pdf\">Dennis Harms, BAUGESTALT &#8211; Sanieren mit Stroh<\/a><a href=\"https:\/\/biwena.de\/wp-content\/uploads\/2026\/02\/Praesentation-BAUGESTALT-sanieren-mit-stroh_min.pdf\" class=\"wp-block-file__button wp-element-button\" download aria-describedby=\"wp-block-file--media-cedf6fba-0e90-4dd5-88a9-e3628c1510cc\">Herunterladen<\/a><\/div>\n\n\n\n<div data-wp-interactive=\"core\/file\" class=\"wp-block-file\"><object data-wp-bind--hidden=\"!state.hasPdfPreview\" hidden class=\"wp-block-file__embed\" data=\"https:\/\/biwena.de\/wp-content\/uploads\/2026\/02\/Vortrag_Leipzig_Tim-Junghanns.pdf\" type=\"application\/pdf\" style=\"width:100%;height:600px\" aria-label=\"Einbettung von Tim Junghanns, Lorenz Systeme - D\u00e4mmen im Bestand und Neubau mit schnell nachwachsenden Rohstoffen.\"><\/object><a id=\"wp-block-file--media-5414a67a-c934-44b9-8345-448a6ca60249\" href=\"https:\/\/biwena.de\/wp-content\/uploads\/2026\/02\/Vortrag_Leipzig_Tim-Junghanns.pdf\">Tim Junghanns, Lorenz Systeme &#8211; D\u00e4mmen im Bestand und Neubau mit schnell nachwachsenden Rohstoffen<\/a><a href=\"https:\/\/biwena.de\/wp-content\/uploads\/2026\/02\/Vortrag_Leipzig_Tim-Junghanns.pdf\" class=\"wp-block-file__button wp-element-button\" download aria-describedby=\"wp-block-file--media-5414a67a-c934-44b9-8345-448a6ca60249\">Herunterladen<\/a><\/div>\n\n\n\n<div class=\"wp-block-cover alignwide is-light\"><img loading=\"lazy\" decoding=\"async\" width=\"1024\" height=\"402\" class=\"wp-block-cover__image-background wp-image-1427 size-large\" alt=\"\" src=\"https:\/\/biwena.de\/wp-content\/uploads\/2026\/02\/duh_bauklima_website_screenshot-1024x402.png\" data-object-fit=\"cover\" srcset=\"https:\/\/biwena.de\/wp-content\/uploads\/2026\/02\/duh_bauklima_website_screenshot-1024x402.png 1024w, https:\/\/biwena.de\/wp-content\/uploads\/2026\/02\/duh_bauklima_website_screenshot-300x118.png 300w, https:\/\/biwena.de\/wp-content\/uploads\/2026\/02\/duh_bauklima_website_screenshot-768x301.png 768w, https:\/\/biwena.de\/wp-content\/uploads\/2026\/02\/duh_bauklima_website_screenshot.png 1177w\" sizes=\"auto, (max-width: 1024px) 100vw, 1024px\" \/><span aria-hidden=\"true\" class=\"wp-block-cover__background has-background-dim\" style=\"background-color:#aba39a\"><\/span><div class=\"wp-block-cover__inner-container has-global-padding is-layout-constrained wp-block-cover-is-layout-constrained\">\n<p class=\"has-text-align-center has-large-font-size\">zur <a href=\"https:\/\/www.duh.de\/informieren\/waermewende-und-gebaeude\/bauklima-kommunal\/\">Projektwebseite bei der Deutschen Umwelthilfe<\/a>&#8230;<\/p>\n<\/div><\/div>\n\n\n\n<p>Das Projekt \u201eBauKlima kommunal\u201c wird in Zusammenarbeit mit der&nbsp;Deutschen Umwelthilfe (Projektwebsite), dem&nbsp;&nbsp;Lehrstuhl f\u00fcr energieeffizientes und nachhaltiges Planen und Bauen an der Technischen Universit\u00e4t M\u00fcnchen&nbsp;und dem&nbsp;BIWENA e.V.&nbsp;durchgef\u00fchrt. Es wird gef\u00f6rdert durch die: Nationale Klimaschutzinitiative (NKI) des Bundesministerium f\u00fcr Umwelt, Klimaschutz, Naturschutz und nukleare Sicherheit (BMUKN) F\u00f6rderkennzeichen: 67KF0181B<\/p>\n\n\n\n<figure class=\"wp-block-image size-full is-resized\"><img loading=\"lazy\" decoding=\"async\" width=\"533\" height=\"1000\" src=\"https:\/\/biwena.de\/wp-content\/uploads\/2026\/01\/Logo-Teppich_BauKlima_2026_hoch_.png\" alt=\"\" class=\"wp-image-1281\" style=\"width:620px;height:auto\" srcset=\"https:\/\/biwena.de\/wp-content\/uploads\/2026\/01\/Logo-Teppich_BauKlima_2026_hoch_.png 533w, https:\/\/biwena.de\/wp-content\/uploads\/2026\/01\/Logo-Teppich_BauKlima_2026_hoch_-160x300.png 160w\" sizes=\"auto, (max-width: 533px) 100vw, 533px\" \/><\/figure>\n\n\n\n<p><\/p>\n","protected":false},"excerpt":{"rendered":"<p>Pr\u00e4sentationen und Vortr\u00e4ge f\u00fcr kommunale Akteur*innen Das Projekt \u201eBauKlima kommunal\u201c wird in Zusammenarbeit mit der&nbsp;Deutschen Umwelthilfe (Projektwebsite), dem&nbsp;&nbsp;Lehrstuhl f\u00fcr energieeffizientes und nachhaltiges Planen und Bauen an der Technischen Universit\u00e4t M\u00fcnchen&nbsp;und [&hellip;]<\/p>\n","protected":false},"author":3,"featured_media":0,"parent":0,"menu_order":0,"comment_status":"closed","ping_status":"closed","template":"","meta":{"_EventAllDay":false,"_EventTimezone":"","_EventStartDate":"","_EventEndDate":"","_EventStartDateUTC":"","_EventEndDateUTC":"","_EventShowMap":false,"_EventShowMapLink":false,"_EventURL":"","_EventCost":"","_EventCostDescription":"","_EventCurrencySymbol":"","_EventCurrencyCode":"","_EventCurrencyPosition":"","_EventDateTimeSeparator":"","_EventTimeRangeSeparator":"","_EventOrganizerID":[],"_EventVenueID":[],"_OrganizerEmail":"","_OrganizerPhone":"","_OrganizerWebsite":"","_VenueAddress":"","_VenueCity":"","_VenueCountry":"","_VenueProvince":"","_VenueState":"","_VenueZip":"","_VenuePhone":"","_VenueURL":"","_VenueStateProvince":"","_VenueLat":"","_VenueLng":"","_VenueShowMap":false,"_VenueShowMapLink":false,"_tribe_blocks_recurrence_rules":"","_tribe_blocks_recurrence_description":"","_tribe_blocks_recurrence_exclusions":"","footnotes":""},"class_list":["post-1420","page","type-page","status-publish","hentry"],"_links":{"self":[{"href":"https:\/\/biwena.de\/index.php\/wp-json\/wp\/v2\/pages\/1420","targetHints":{"allow":["GET"]}}],"collection":[{"href":"https:\/\/biwena.de\/index.php\/wp-json\/wp\/v2\/pages"}],"about":[{"href":"https:\/\/biwena.de\/index.php\/wp-json\/wp\/v2\/types\/page"}],"author":[{"embeddable":true,"href":"https:\/\/biwena.de\/index.php\/wp-json\/wp\/v2\/users\/3"}],"replies":[{"embeddable":true,"href":"https:\/\/biwena.de\/index.php\/wp-json\/wp\/v2\/comments?post=1420"}],"version-history":[{"count":6,"href":"https:\/\/biwena.de\/index.php\/wp-json\/wp\/v2\/pages\/1420\/revisions"}],"predecessor-version":[{"id":1432,"href":"https:\/\/biwena.de\/index.php\/wp-json\/wp\/v2\/pages\/1420\/revisions\/1432"}],"wp:attachment":[{"href":"https:\/\/biwena.de\/index.php\/wp-json\/wp\/v2\/media?parent=1420"}],"curies":[{"name":"wp","href":"https:\/\/api.w.org\/{rel}","templated":true}]}}