{"id":100,"date":"2025-04-15T14:23:44","date_gmt":"2025-04-15T12:23:44","guid":{"rendered":"https:\/\/biwena.io-flow.de\/?page_id=100"},"modified":"2026-02-04T17:04:24","modified_gmt":"2026-02-04T16:04:24","slug":"bildungsoffensive-nachhaltig-bauen","status":"publish","type":"page","link":"https:\/\/biwena.de\/index.php\/bildungsoffensive-nachhaltig-bauen\/","title":{"rendered":"Leitprojekt"},"content":{"rendered":"\n<figure class=\"wp-block-image size-large is-resized\"><img loading=\"lazy\" decoding=\"async\" width=\"1024\" height=\"434\" src=\"https:\/\/biwena.de\/wp-content\/uploads\/2025\/08\/NEU_BNB_Logo_v1241235-1024x434.png\" alt=\"\" class=\"wp-image-734\" style=\"width:313px;height:auto\" srcset=\"https:\/\/biwena.de\/wp-content\/uploads\/2025\/08\/NEU_BNB_Logo_v1241235-1024x434.png 1024w, https:\/\/biwena.de\/wp-content\/uploads\/2025\/08\/NEU_BNB_Logo_v1241235-300x127.png 300w, https:\/\/biwena.de\/wp-content\/uploads\/2025\/08\/NEU_BNB_Logo_v1241235-768x325.png 768w, https:\/\/biwena.de\/wp-content\/uploads\/2025\/08\/NEU_BNB_Logo_v1241235-1536x650.png 1536w, https:\/\/biwena.de\/wp-content\/uploads\/2025\/08\/NEU_BNB_Logo_v1241235-2048x867.png 2048w\" sizes=\"auto, (max-width: 1024px) 100vw, 1024px\" \/><\/figure>\n\n\n\n<figure class=\"wp-block-image size-large\"><img loading=\"lazy\" decoding=\"async\" width=\"1024\" height=\"819\" src=\"https:\/\/biwena.de\/wp-content\/uploads\/2025\/06\/Landkreiskarte-1024x819.png\" alt=\"\" class=\"wp-image-586\" srcset=\"https:\/\/biwena.de\/wp-content\/uploads\/2025\/06\/Landkreiskarte-1024x819.png 1024w, https:\/\/biwena.de\/wp-content\/uploads\/2025\/06\/Landkreiskarte-300x240.png 300w, https:\/\/biwena.de\/wp-content\/uploads\/2025\/06\/Landkreiskarte-768x614.png 768w, https:\/\/biwena.de\/wp-content\/uploads\/2025\/06\/Landkreiskarte.png 1350w\" sizes=\"auto, (max-width: 1024px) 100vw, 1024px\" \/><\/figure>\n\n\n\n<div class=\"wp-block-group has-global-padding is-layout-constrained wp-block-group-is-layout-constrained\">\n<details class=\"wp-block-details is-layout-flow wp-block-details-is-layout-flow\"><summary>Neueste Blogbeitr\u00e4ge aus dem Leitprojekt<\/summary>\n<p><\/p>\n<\/details>\n\n\n\n<div class=\"wp-block-query is-layout-flow wp-block-query-is-layout-flow\"><ul class=\"wp-block-post-template is-layout-flow wp-block-post-template-is-layout-flow\"><li class=\"wp-block-post post-1625 post type-post status-publish format-standard has-post-thumbnail hentry category-aktuelles category-bildungsoffensive tag-bauwende tag-bildungsoffensive tag-biwena tag-holzbau tag-kriterien-fuer-nachhaltiges-bauen tag-landkreis-diepholz tag-landkreis-nienburg tag-nachhaltiges-bauen-mitte-niedersachsen tag-norddeutsches-zentrum-fuer-nachhaltiges-bauen tag-strohbau tag-verden tag-zukunftsregion\">\n\n<div class=\"wp-block-columns are-vertically-aligned-center is-layout-flex wp-container-core-columns-is-layout-28f84493 wp-block-columns-is-layout-flex\">\n<div class=\"wp-block-column is-vertically-aligned-center is-layout-flow wp-block-column-is-layout-flow\" style=\"flex-basis:25%\"><figure class=\"wp-block-post-featured-image\"><a href=\"https:\/\/biwena.de\/index.php\/2026\/04\/08\/4-runder-tisch-gemeinsame-kriterien-fuer-nachhaltiges-bauen\/\" target=\"_self\"  ><img loading=\"lazy\" decoding=\"async\" width=\"640\" height=\"480\" src=\"https:\/\/biwena.de\/wp-content\/uploads\/2026\/04\/IMG_9302_mittel.jpeg\" class=\"attachment-post-thumbnail size-post-thumbnail wp-post-image\" alt=\"4. Runder Tisch \/ Auf dem Weg zu gemeinsamen Kriterien f\u00fcr nachhaltiges Bauen\" style=\"object-fit:cover;\" srcset=\"https:\/\/biwena.de\/wp-content\/uploads\/2026\/04\/IMG_9302_mittel.jpeg 640w, https:\/\/biwena.de\/wp-content\/uploads\/2026\/04\/IMG_9302_mittel-300x225.jpeg 300w\" sizes=\"auto, (max-width: 640px) 100vw, 640px\" \/><\/a><\/figure><\/div>\n\n\n\n<div class=\"wp-block-column is-vertically-aligned-center is-layout-flow wp-block-column-is-layout-flow\" style=\"flex-basis:75%\"><h5 class=\"wp-block-post-title\"><a href=\"https:\/\/biwena.de\/index.php\/2026\/04\/08\/4-runder-tisch-gemeinsame-kriterien-fuer-nachhaltiges-bauen\/\" target=\"_self\" >4. Runder Tisch \/ Auf dem Weg zu gemeinsamen Kriterien f\u00fcr nachhaltiges Bauen<\/a><\/h5><\/div>\n<\/div>\n\n<\/li><li class=\"wp-block-post post-1074 post type-post status-publish format-standard has-post-thumbnail hentry category-aktuelles category-bildungsoffensive\">\n\n<div class=\"wp-block-columns are-vertically-aligned-center is-layout-flex wp-container-core-columns-is-layout-28f84493 wp-block-columns-is-layout-flex\">\n<div class=\"wp-block-column is-vertically-aligned-center is-layout-flow wp-block-column-is-layout-flow\" style=\"flex-basis:25%\"><figure class=\"wp-block-post-featured-image\"><a href=\"https:\/\/biwena.de\/index.php\/2025\/12\/23\/runder-tisch-fuer-nachhaltigkeit\/\" target=\"_self\"  ><img loading=\"lazy\" decoding=\"async\" width=\"1960\" height=\"1470\" src=\"https:\/\/biwena.de\/wp-content\/uploads\/2025\/12\/251210-Luetvogt_Ostermeyer_Dach.jpg\" class=\"attachment-post-thumbnail size-post-thumbnail wp-post-image\" alt=\"Artikel der Kreiszeitung Bassum\/Twistringen: Runder Tisch f\u00fcr Nachhaltigkeit\" style=\"object-fit:cover;\" srcset=\"https:\/\/biwena.de\/wp-content\/uploads\/2025\/12\/251210-Luetvogt_Ostermeyer_Dach.jpg 1960w, https:\/\/biwena.de\/wp-content\/uploads\/2025\/12\/251210-Luetvogt_Ostermeyer_Dach-300x225.jpg 300w, https:\/\/biwena.de\/wp-content\/uploads\/2025\/12\/251210-Luetvogt_Ostermeyer_Dach-1024x768.jpg 1024w, https:\/\/biwena.de\/wp-content\/uploads\/2025\/12\/251210-Luetvogt_Ostermeyer_Dach-768x576.jpg 768w, https:\/\/biwena.de\/wp-content\/uploads\/2025\/12\/251210-Luetvogt_Ostermeyer_Dach-1536x1152.jpg 1536w\" sizes=\"auto, (max-width: 1960px) 100vw, 1960px\" \/><\/a><\/figure><\/div>\n\n\n\n<div class=\"wp-block-column is-vertically-aligned-center is-layout-flow wp-block-column-is-layout-flow\" style=\"flex-basis:75%\"><h5 class=\"wp-block-post-title\"><a href=\"https:\/\/biwena.de\/index.php\/2025\/12\/23\/runder-tisch-fuer-nachhaltigkeit\/\" target=\"_self\" >Artikel der Kreiszeitung Bassum\/Twistringen: Runder Tisch f\u00fcr Nachhaltigkeit<\/a><\/h5><\/div>\n<\/div>\n\n<\/li><li class=\"wp-block-post post-1024 post type-post status-publish format-standard has-post-thumbnail hentry category-aktuelles category-bildungsoffensive\">\n\n<div class=\"wp-block-columns are-vertically-aligned-center is-layout-flex wp-container-core-columns-is-layout-28f84493 wp-block-columns-is-layout-flex\">\n<div class=\"wp-block-column is-vertically-aligned-center is-layout-flow wp-block-column-is-layout-flow\" style=\"flex-basis:25%\"><figure class=\"wp-block-post-featured-image\"><a href=\"https:\/\/biwena.de\/index.php\/2025\/12\/08\/konzeptsuche-nachhaltiges-bauen\/\" target=\"_self\"  ><img loading=\"lazy\" decoding=\"async\" width=\"560\" height=\"348\" src=\"https:\/\/biwena.de\/wp-content\/uploads\/2025\/12\/Foto-Christian-Schwier-Bild-Luetvogt-1-e1765190849496.jpg\" class=\"attachment-post-thumbnail size-post-thumbnail wp-post-image\" alt=\"Artikel des Diepholzer Kreisblatt\/ Konzeptsuche: Nachhaltiges Bauen\" style=\"object-fit:cover;\" srcset=\"https:\/\/biwena.de\/wp-content\/uploads\/2025\/12\/Foto-Christian-Schwier-Bild-Luetvogt-1-e1765190849496.jpg 560w, https:\/\/biwena.de\/wp-content\/uploads\/2025\/12\/Foto-Christian-Schwier-Bild-Luetvogt-1-e1765190849496-300x186.jpg 300w\" sizes=\"auto, (max-width: 560px) 100vw, 560px\" \/><\/a><\/figure><\/div>\n\n\n\n<div class=\"wp-block-column is-vertically-aligned-center is-layout-flow wp-block-column-is-layout-flow\" style=\"flex-basis:75%\"><h5 class=\"wp-block-post-title\"><a href=\"https:\/\/biwena.de\/index.php\/2025\/12\/08\/konzeptsuche-nachhaltiges-bauen\/\" target=\"_self\" >Artikel des Diepholzer Kreisblatt\/ Konzeptsuche: Nachhaltiges Bauen<\/a><\/h5><\/div>\n<\/div>\n\n<\/li><\/ul><\/div>\n<\/div>\n\n\n\n<p>Die von der Europ\u00e4ischen Union und den Landkreisen Diepholz, Nienburg\/Weser und Verden gef\u00f6rderte &#8222;<em>Bildungsoffensive Nachhaltiges Bauen Mitte Niedersachsen<\/em>&#8220; hat das Ziel, nachhaltiges Bauen zu f\u00f6rdern und den Wissenstransfer in der Region zu st\u00e4rken. Hintergrund ist die aktuelle Verfehlung des Klimaziels im Bausektor, obwohl hier ein enormes Potential f\u00fcr das Erreichen der Klimaziele liegt. Dieser Zusammenhang wird an Themen wie z.B. \u00d6kobilanzierung, Klimarelevanz von Baustoffen, Herstellungsenergie von Baustoffen und energetischer Sanierung thematisiert und an konkreten Beispielen in der Region beleuchtet. Um die angestrebte Klimaneutralit\u00e4t im Jahr 2045 zu erreichen, ben\u00f6tigt es Transformationsprozesse beim Bauen, die alle Beteiligten betrifft: von den privaten oder kommunalen Auftraggeber*innen \u00fcber Planungsb\u00fcros zu den ausf\u00fchrenden Betrieben.<\/p>\n\n\n\n<p>Die Bildungsoffensive Nachhaltiges Bauen Mitte Niedersachsen setzt auf Beteiligung, um nachhaltiges Bauen in der Region zu f\u00f6rdern. Alle Angebote sind kostenfrei und offen f\u00fcr alle zug\u00e4nglich.<\/p>\n\n\n\n<div style=\"height:45px\" aria-hidden=\"true\" class=\"wp-block-spacer\"><\/div>\n\n\n\n<h2 class=\"wp-block-heading\"><mark style=\"background-color:rgba(0, 0, 0, 0)\" class=\"has-inline-color has-custom-biwena-orange-color\">Angebote<\/mark><\/h2>\n\n\n\n<div style=\"height:35px\" aria-hidden=\"true\" class=\"wp-block-spacer\"><\/div>\n\n\n\n<h4 class=\"wp-block-heading\"><mark style=\"background-color:rgba(0, 0, 0, 0)\" class=\"has-inline-color has-custom-biwena-orange-color\"><a href=\"https:\/\/biwena.de\/index.php\/tag\/bauwende-beratung\/\" data-type=\"post_tag\" data-id=\"63\">\ud83d\udcac Bauwendeberatung<\/a><\/mark><\/h4>\n\n\n\n<figure class=\"wp-block-image size-large\"><img loading=\"lazy\" decoding=\"async\" width=\"2560\" height=\"1707\" src=\"https:\/\/biwena.de\/wp-content\/uploads\/2025\/07\/OMN02364-edited-scaled.jpg\" alt=\"\" class=\"wp-image-677\" srcset=\"https:\/\/biwena.de\/wp-content\/uploads\/2025\/07\/OMN02364-edited-scaled.jpg 2560w, https:\/\/biwena.de\/wp-content\/uploads\/2025\/07\/OMN02364-edited-300x200.jpg 300w, https:\/\/biwena.de\/wp-content\/uploads\/2025\/07\/OMN02364-edited-1024x683.jpg 1024w, https:\/\/biwena.de\/wp-content\/uploads\/2025\/07\/OMN02364-edited-768x512.jpg 768w, https:\/\/biwena.de\/wp-content\/uploads\/2025\/07\/OMN02364-edited-1536x1024.jpg 1536w, https:\/\/biwena.de\/wp-content\/uploads\/2025\/07\/OMN02364-edited-2048x1365.jpg 2048w\" sizes=\"auto, (max-width: 2560px) 100vw, 2560px\" \/><\/figure>\n\n\n\n<p>Im Rahmen des Projekts unterst\u00fctzen wir \u00f6ffentliche und private Bauakteure rund um das nachhaltige Bauen in der Region Mitte Niedersachsen mit kostenfreien Angeboten und begleiten Bauprojekte praxisnah und individuell rund um den <strong>Klima- und Ressourcenschutz<\/strong> &#8211; sowohl vor Ort als auch bei uns in der Ausstellung \u201enachhaltig.bauen.erleben\u201c im Norddeutschen Zentrum f\u00fcr nachhaltiges Bauen in Verden.<\/p>\n\n\n\n<div style=\"height:30px\" aria-hidden=\"true\" class=\"wp-block-spacer\"><\/div>\n\n\n\n<h4 class=\"wp-block-heading\"><mark style=\"background-color:rgba(0, 0, 0, 0)\" class=\"has-inline-color has-custom-biwena-orange-color\"><a href=\"https:\/\/biwena.de\/index.php\/ausstellung\/\" data-type=\"page\" data-id=\"268\">\ud83d\udee0\ufe0f Wissenstransfer &amp; Ausstellung<\/a><\/mark><\/h4>\n\n\n\n<figure class=\"wp-block-image size-large\"><img loading=\"lazy\" decoding=\"async\" width=\"1024\" height=\"683\" src=\"https:\/\/biwena.de\/wp-content\/uploads\/2025\/06\/OMN02353-1024x683.jpg\" alt=\"\" class=\"wp-image-632\" srcset=\"https:\/\/biwena.de\/wp-content\/uploads\/2025\/06\/OMN02353-1024x683.jpg 1024w, https:\/\/biwena.de\/wp-content\/uploads\/2025\/06\/OMN02353-300x200.jpg 300w, https:\/\/biwena.de\/wp-content\/uploads\/2025\/06\/OMN02353-768x512.jpg 768w, https:\/\/biwena.de\/wp-content\/uploads\/2025\/06\/OMN02353-1536x1024.jpg 1536w, https:\/\/biwena.de\/wp-content\/uploads\/2025\/06\/OMN02353-2048x1365.jpg 2048w\" sizes=\"auto, (max-width: 1024px) 100vw, 1024px\" \/><\/figure>\n\n\n\n<p>Wir bieten praxisnahe Weiterbildungen f\u00fcr Berufsschulen, Handwerksbetriebe und alle Bauinteressierte rund um nachhaltiges Bauen \u2013 vor Ort am Norddeutschen Zentrum f\u00fcr nachhaltiges Bauen oder mobil in der Region. Ob in der Ausstellung, der Praxishalle oder mit unserem Weiterbildungsteam am Trailer: Wissen wird erlebbar, greifbar und anschaulich vermittelt.<\/p>\n\n\n\n<div style=\"height:35px\" aria-hidden=\"true\" class=\"wp-block-spacer\"><\/div>\n\n\n\n<h4 class=\"wp-block-heading\"><mark style=\"background-color:rgba(0, 0, 0, 0)\" class=\"has-inline-color has-custom-biwena-orange-color\"><a href=\"https:\/\/biwena.de\/index.php\/kontakt\/\" data-type=\"page\" data-id=\"35\">\ud83e\udd1d Vernetzung &amp; Runder Tisch<\/a><\/mark><\/h4>\n\n\n\n<figure class=\"wp-block-image size-large\"><img loading=\"lazy\" decoding=\"async\" width=\"1024\" height=\"683\" src=\"https:\/\/biwena.de\/wp-content\/uploads\/2025\/06\/OMN02373-1024x683.jpg\" alt=\"\" class=\"wp-image-651\" srcset=\"https:\/\/biwena.de\/wp-content\/uploads\/2025\/06\/OMN02373-1024x683.jpg 1024w, https:\/\/biwena.de\/wp-content\/uploads\/2025\/06\/OMN02373-300x200.jpg 300w, https:\/\/biwena.de\/wp-content\/uploads\/2025\/06\/OMN02373-768x512.jpg 768w, https:\/\/biwena.de\/wp-content\/uploads\/2025\/06\/OMN02373-1536x1024.jpg 1536w, https:\/\/biwena.de\/wp-content\/uploads\/2025\/06\/OMN02373-2048x1365.jpg 2048w\" sizes=\"auto, (max-width: 1024px) 100vw, 1024px\" \/><\/figure>\n\n\n\n<p>Wir f\u00f6rdern die Vernetzung zentraler Akteur*innen im Baubereich \u2013 von Kammern und Verb\u00e4nden bis zu Handwerk, Kommunen, Bildungseinrichtungen und Klimaschutzagenturen.<\/p>\n\n\n\n<div style=\"height:67px\" aria-hidden=\"true\" class=\"wp-block-spacer\"><\/div>\n\n\n\n<p><strong>F\u00fcr Anfragen nutze gerne das folgende Kontaktformular oder schreibe uns direkt an: info@biwena.de<\/strong><\/p>\n\n\n<style id=\"wpforms-css-vars-385\">\n\t\t\t\t#wpforms-385 {\n\t\t\t\t\n\t\t\t}\n\t\t\t<\/style><div class=\"wpforms-container wpforms-container-full wpforms-render-modern\" id=\"wpforms-385\"><form id=\"wpforms-form-385\" class=\"wpforms-validate wpforms-form wpforms-ajax-form\" data-formid=\"385\" method=\"post\" enctype=\"multipart\/form-data\" action=\"\/index.php\/wp-json\/wp\/v2\/pages\/100\" data-token=\"94e220a48e449ec1f32b635b11465536\" data-token-time=\"1775883282\"><noscript class=\"wpforms-error-noscript\">Bitte aktiviere JavaScript in deinem Browser, um dieses Formular fertigzustellen.<\/noscript><div id=\"wpforms-error-noscript\" style=\"display: none;\">Bitte aktiviere JavaScript in deinem Browser, um dieses Formular fertigzustellen.<\/div><div class=\"wpforms-field-container\"><div id=\"wpforms-385-field_1-container\" class=\"wpforms-field wpforms-field-name\" data-field-id=\"1\"><fieldset><legend class=\"wpforms-field-label\">Name <span class=\"wpforms-required-label\" aria-hidden=\"true\">*<\/span><\/legend><div class=\"wpforms-field-row wpforms-field-medium\"><div class=\"wpforms-field-row-block wpforms-first wpforms-one-half\"><input type=\"text\" id=\"wpforms-385-field_1\" class=\"wpforms-field-name-first wpforms-field-required\" name=\"wpforms[fields][1][first]\" aria-errormessage=\"wpforms-385-field_1-error\" required><label for=\"wpforms-385-field_1\" class=\"wpforms-field-sublabel after\">Vorname<\/label><\/div><div class=\"wpforms-field-row-block wpforms-one-half\"><input type=\"text\" id=\"wpforms-385-field_1-last\" class=\"wpforms-field-name-last wpforms-field-required\" name=\"wpforms[fields][1][last]\" aria-errormessage=\"wpforms-385-field_1-last-error\" required><label for=\"wpforms-385-field_1-last\" class=\"wpforms-field-sublabel after\">Nachname<\/label><\/div><\/div><\/fieldset><\/div><div id=\"wpforms-385-field_2-container\" class=\"wpforms-field wpforms-field-email\" data-field-id=\"2\"><label class=\"wpforms-field-label\" for=\"wpforms-385-field_2\">E-Mail-Adresse <span class=\"wpforms-required-label\" aria-hidden=\"true\">*<\/span><\/label><input type=\"email\" id=\"wpforms-385-field_2\" class=\"wpforms-field-medium wpforms-field-required\" name=\"wpforms[fields][2]\" spellcheck=\"false\" aria-errormessage=\"wpforms-385-field_2-error\" required><\/div>\t\t<div id=\"wpforms-385-field_4-container\"\n\t\t\tclass=\"wpforms-field wpforms-field-text\"\n\t\t\tdata-field-type=\"text\"\n\t\t\tdata-field-id=\"4\"\n\t\t\t>\n\t\t\t<label class=\"wpforms-field-label\" for=\"wpforms-385-field_4\" >Nachricht E-Mail-Adresse Name<\/label>\n\t\t\t<input type=\"text\" id=\"wpforms-385-field_4\" class=\"wpforms-field-medium\" name=\"wpforms[fields][4]\" >\n\t\t<\/div>\n\t\t<div id=\"wpforms-385-field_3-container\" class=\"wpforms-field wpforms-field-textarea\" data-field-id=\"3\"><label class=\"wpforms-field-label\" for=\"wpforms-385-field_3\">Nachricht <span class=\"wpforms-required-label\" aria-hidden=\"true\">*<\/span><\/label><textarea id=\"wpforms-385-field_3\" class=\"wpforms-field-medium wpforms-field-required\" name=\"wpforms[fields][3]\" aria-errormessage=\"wpforms-385-field_3-error\" required><\/textarea><\/div><script>\n\t\t\t\t( function() {\n\t\t\t\t\tconst style = document.createElement( 'style' );\n\t\t\t\t\tstyle.appendChild( document.createTextNode( '#wpforms-385-field_4-container { position: absolute !important; overflow: hidden !important; display: inline !important; height: 1px !important; width: 1px !important; z-index: -1000 !important; padding: 0 !important; } #wpforms-385-field_4-container input { visibility: hidden; } #wpforms-conversational-form-page #wpforms-385-field_4-container label { counter-increment: none; }' ) );\n\t\t\t\t\tdocument.head.appendChild( style );\n\t\t\t\t\tdocument.currentScript?.remove();\n\t\t\t\t} )();\n\t\t\t<\/script><\/div><!-- .wpforms-field-container --><div class=\"wpforms-submit-container\" ><input type=\"hidden\" name=\"wpforms[id]\" value=\"385\"><input type=\"hidden\" name=\"page_title\" value=\"\"><input type=\"hidden\" name=\"page_url\" value=\"https:\/\/biwena.de\/index.php\/wp-json\/wp\/v2\/pages\/100\"><input type=\"hidden\" name=\"url_referer\" value=\"\"><button type=\"submit\" name=\"wpforms[submit]\" id=\"wpforms-submit-385\" class=\"wpforms-submit\" data-alt-text=\"Wird gesendet\u00a0\u2026\" data-submit-text=\"Absenden\" aria-live=\"assertive\" value=\"wpforms-submit\">Absenden<\/button><img loading=\"lazy\" decoding=\"async\" src=\"https:\/\/biwena.de\/wp-content\/plugins\/wpforms-lite\/assets\/images\/submit-spin.svg\" class=\"wpforms-submit-spinner\" style=\"display: none;\" width=\"26\" height=\"26\" alt=\"Wird geladen\"><\/div><\/form><\/div>  <!-- .wpforms-container -->\n\n\n\n<div style=\"height:100px\" aria-hidden=\"true\" class=\"wp-block-spacer\"><\/div>\n\n\n\n<figure class=\"wp-block-image size-full\"><img loading=\"lazy\" decoding=\"async\" width=\"912\" height=\"327\" src=\"https:\/\/biwena.de\/wp-content\/uploads\/2025\/08\/Foerderlogocluster_ohneText.png\" alt=\"\" class=\"wp-image-735\" srcset=\"https:\/\/biwena.de\/wp-content\/uploads\/2025\/08\/Foerderlogocluster_ohneText.png 912w, https:\/\/biwena.de\/wp-content\/uploads\/2025\/08\/Foerderlogocluster_ohneText-300x108.png 300w, https:\/\/biwena.de\/wp-content\/uploads\/2025\/08\/Foerderlogocluster_ohneText-768x275.png 768w\" sizes=\"auto, (max-width: 912px) 100vw, 912px\" \/><\/figure>\n\n\n\n<p>Das Projekt &#8222;Bildungsoffensive Nachhaltiges Bauen Mitte Niedersachsen&#8220; wird durch die Europ\u00e4ische Union und durch den Landkreis <a href=\"https:\/\/diepholz.de\" data-type=\"link\" data-id=\"https:\/\/diepholz.de\">Diepholz<\/a>, Landkreis <a href=\"https:\/\/www.lk-nienburg.de\/\" data-type=\"link\" data-id=\"https:\/\/www.lk-nienburg.de\/\">Nienburg\/Weser<\/a> und den Landkreis <a href=\"https:\/\/www.landkreis-verden.de\/\">Verden<\/a> im Rahmen der <a href=\"https:\/\/www.zukunftsregion-mitte-niedersachsen.de\/\" data-type=\"link\" data-id=\"https:\/\/www.zukunftsregion-mitte-niedersachsen.de\/\">Zukunftsregion Mitte Niedersachsen<\/a> gef\u00f6rdert.<\/p>\n\n\n\n<p><\/p>\n","protected":false},"excerpt":{"rendered":"<p>Die von der Europ\u00e4ischen Union und den Landkreisen Diepholz, Nienburg\/Weser und Verden gef\u00f6rderte &#8222;Bildungsoffensive Nachhaltiges Bauen Mitte Niedersachsen&#8220; hat das Ziel, nachhaltiges Bauen zu f\u00f6rdern und den Wissenstransfer in der [&hellip;]<\/p>\n","protected":false},"author":1,"featured_media":0,"parent":0,"menu_order":0,"comment_status":"closed","ping_status":"closed","template":"","meta":{"_EventAllDay":false,"_EventTimezone":"","_EventStartDate":"","_EventEndDate":"","_EventStartDateUTC":"","_EventEndDateUTC":"","_EventShowMap":false,"_EventShowMapLink":false,"_EventURL":"","_EventCost":"","_EventCostDescription":"","_EventCurrencySymbol":"","_EventCurrencyCode":"","_EventCurrencyPosition":"","_EventDateTimeSeparator":"","_EventTimeRangeSeparator":"","_EventOrganizerID":[],"_EventVenueID":[],"_OrganizerEmail":"","_OrganizerPhone":"","_OrganizerWebsite":"","_VenueAddress":"","_VenueCity":"","_VenueCountry":"","_VenueProvince":"","_VenueState":"","_VenueZip":"","_VenuePhone":"","_VenueURL":"","_VenueStateProvince":"","_VenueLat":"","_VenueLng":"","_VenueShowMap":false,"_VenueShowMapLink":false,"_tribe_blocks_recurrence_rules":"","_tribe_blocks_recurrence_description":"","_tribe_blocks_recurrence_exclusions":"","footnotes":""},"class_list":["post-100","page","type-page","status-publish","hentry"],"_links":{"self":[{"href":"https:\/\/biwena.de\/index.php\/wp-json\/wp\/v2\/pages\/100","targetHints":{"allow":["GET"]}}],"collection":[{"href":"https:\/\/biwena.de\/index.php\/wp-json\/wp\/v2\/pages"}],"about":[{"href":"https:\/\/biwena.de\/index.php\/wp-json\/wp\/v2\/types\/page"}],"author":[{"embeddable":true,"href":"https:\/\/biwena.de\/index.php\/wp-json\/wp\/v2\/users\/1"}],"replies":[{"embeddable":true,"href":"https:\/\/biwena.de\/index.php\/wp-json\/wp\/v2\/comments?post=100"}],"version-history":[{"count":28,"href":"https:\/\/biwena.de\/index.php\/wp-json\/wp\/v2\/pages\/100\/revisions"}],"predecessor-version":[{"id":1340,"href":"https:\/\/biwena.de\/index.php\/wp-json\/wp\/v2\/pages\/100\/revisions\/1340"}],"wp:attachment":[{"href":"https:\/\/biwena.de\/index.php\/wp-json\/wp\/v2\/media?parent=100"}],"curies":[{"name":"wp","href":"https:\/\/api.w.org\/{rel}","templated":true}]}}